{"id":96,"date":"2022-07-06T10:01:59","date_gmt":"2022-07-06T10:01:59","guid":{"rendered":"https:\/\/www.staging.mariskahammerstein.nl\/blog\/?page_id=96"},"modified":"2022-07-12T08:39:47","modified_gmt":"2022-07-12T08:39:47","slug":"audiotours","status":"publish","type":"page","link":"https:\/\/www.staging.mariskahammerstein.nl\/blog\/audiotours\/","title":{"rendered":"Audiotours"},"content":{"rendered":"<p>[et_pb_section fb_built=&#8221;1&#8243; _builder_version=&#8221;4.17.4&#8243; _module_preset=&#8221;default&#8221; background_color=&#8221;#000000&#8243; global_colors_info=&#8221;{}&#8221;][et_pb_row _builder_version=&#8221;4.17.4&#8243; _module_preset=&#8221;default&#8221; global_colors_info=&#8221;{}&#8221;][et_pb_column type=&#8221;4_4&#8243; _builder_version=&#8221;4.17.4&#8243; _module_preset=&#8221;default&#8221; global_colors_info=&#8221;{}&#8221;][et_pb_text _builder_version=&#8221;4.17.4&#8243; _module_preset=&#8221;default&#8221; text_font=&#8221;Georgia||||||||&#8221; header_text_color=&#8221;#ea9a78&#8243; header_font_size=&#8221;70px&#8221; header_font_size_tablet=&#8221;55px&#8221; header_font_size_phone=&#8221;39px&#8221; header_font_size_last_edited=&#8221;on|desktop&#8221; global_colors_info=&#8221;{}&#8221;]<\/p>\n<h1 style=\"text-align: center;\">AUDIOTOURS<\/h1>\n<p>[\/et_pb_text][\/et_pb_column][\/et_pb_row][\/et_pb_section][et_pb_section fb_built=&#8221;1&#8243; _builder_version=&#8221;4.17.4&#8243; _module_preset=&#8221;default&#8221; global_colors_info=&#8221;{}&#8221;][et_pb_row _builder_version=&#8221;4.17.4&#8243; _module_preset=&#8221;default&#8221; global_colors_info=&#8221;{}&#8221;][et_pb_column type=&#8221;4_4&#8243; _builder_version=&#8221;4.17.4&#8243; _module_preset=&#8221;default&#8221; global_colors_info=&#8221;{}&#8221;][et_pb_text _builder_version=&#8221;4.17.4&#8243; _module_preset=&#8221;default&#8221; link_text_color=&#8221;#ea9a78&#8243; header_2_font_size_tablet=&#8221;&#8221; header_2_font_size_phone=&#8221;20px&#8221; header_2_font_size_last_edited=&#8221;on|phone&#8221; global_colors_info=&#8221;{}&#8221;]<\/p>\n<h2>Met mijn partner Anco Nanninga heb ik in 2018 Dutch Heritage World Tours opgericht.<\/h2>\n<p>&nbsp;<\/p>\n<p>Het is inmiddels een stichting met deze naam. Met de stichting willen we meer bekendheid geven aan Nederlandse geschiedenis en Nederlands erfgoed. We richten ons vooral op Nederlands erfgoed buiten onze eigen grenzen. Om ervoor te zorgen dat dit erfgoed onder een breed publiek bekend wordt, maken we audiotours voor smartphones en tablets. Die publiceren we in de reis- en museum app van izi.TRAVEL. Zowel de app als de audiotours zijn gratis te downloaden via de app stores.<\/p>\n<p>Je kunt onze audiotours ook bekijken en beluisteren op de website van izi.TRAVEL.<\/p>\n<p>[\/et_pb_text][\/et_pb_column][\/et_pb_row][et_pb_row column_structure=&#8221;3_5,2_5&#8243; _builder_version=&#8221;4.17.4&#8243; _module_preset=&#8221;default&#8221; global_colors_info=&#8221;{}&#8221;][et_pb_column type=&#8221;3_5&#8243; _builder_version=&#8221;4.17.4&#8243; _module_preset=&#8221;default&#8221; global_colors_info=&#8221;{}&#8221;][et_pb_text _builder_version=&#8221;4.17.4&#8243; _module_preset=&#8221;default&#8221; global_colors_info=&#8221;{}&#8221;]<\/p>\n<p>Directe links naar de audiotours vind je op de website van de stichting:<\/p>\n<p>[\/et_pb_text][\/et_pb_column][et_pb_column type=&#8221;2_5&#8243; _builder_version=&#8221;4.17.4&#8243; _module_preset=&#8221;default&#8221; global_colors_info=&#8221;{}&#8221;][et_pb_button button_url=&#8221;https:\/\/www.dutchheritageworldtours.nl&#8221; button_text=&#8221;Dutch Heritage World Tours&#8221; button_alignment=&#8221;center&#8221; _builder_version=&#8221;4.17.4&#8243; _module_preset=&#8221;default&#8221; custom_button=&#8221;on&#8221; button_text_color=&#8221;#ea9a78&#8243; button_bg_color=&#8221;#FFFFFF&#8221; button_use_icon=&#8221;off&#8221; global_colors_info=&#8221;{}&#8221; button_bg_color__hover_enabled=&#8221;on|desktop&#8221; button_bg_color__hover=&#8221;#ea9a78&#8243; button_bg_enable_color__hover=&#8221;on&#8221; button_text_color__hover_enabled=&#8221;on|desktop&#8221; button_text_color__hover=&#8221;#FFFFFF&#8221;][\/et_pb_button][\/et_pb_column][\/et_pb_row][et_pb_row column_structure=&#8221;1_3,1_3,1_3&#8243; _builder_version=&#8221;4.17.4&#8243; _module_preset=&#8221;default&#8221; custom_padding=&#8221;||39px|||&#8221; global_colors_info=&#8221;{}&#8221;][et_pb_column type=&#8221;1_3&#8243; _builder_version=&#8221;4.17.4&#8243; _module_preset=&#8221;default&#8221; global_colors_info=&#8221;{}&#8221;][et_pb_image src=&#8221;https:\/\/www.staging.mariskahammerstein.nl\/blog\/wp-content\/uploads\/2022\/07\/HudsonValley.jpg&#8221; title_text=&#8221;HudsonValley&#8221; _builder_version=&#8221;4.17.4&#8243; _module_preset=&#8221;default&#8221; global_colors_info=&#8221;{}&#8221;][\/et_pb_image][et_pb_text _builder_version=&#8221;4.17.4&#8243; _module_preset=&#8221;default&#8221; global_colors_info=&#8221;{}&#8221;]<\/p>\n<p>De Philipsburg Manor, Sleepy Hollow (NY)<\/p>\n<p>[\/et_pb_text][\/et_pb_column][et_pb_column type=&#8221;1_3&#8243; _builder_version=&#8221;4.17.4&#8243; _module_preset=&#8221;default&#8221; global_colors_info=&#8221;{}&#8221;][et_pb_image src=&#8221;https:\/\/www.staging.mariskahammerstein.nl\/blog\/wp-content\/uploads\/2022\/07\/MoulinRouge.jpg&#8221; title_text=&#8221;MoulinRouge&#8221; _builder_version=&#8221;4.17.4&#8243; _module_preset=&#8221;default&#8221; custom_padding=&#8221;0px|||||&#8221; global_colors_info=&#8221;{}&#8221;][\/et_pb_image][et_pb_text _builder_version=&#8221;4.17.4&#8243; _module_preset=&#8221;default&#8221; global_colors_info=&#8221;{}&#8221;]<\/p>\n<p>De Moulin Rouge aan Boulevard de Clichy, Parijs<\/p>\n<p>[\/et_pb_text][\/et_pb_column][et_pb_column type=&#8221;1_3&#8243; _builder_version=&#8221;4.17.4&#8243; _module_preset=&#8221;default&#8221; global_colors_info=&#8221;{}&#8221;][et_pb_image src=&#8221;https:\/\/www.staging.mariskahammerstein.nl\/blog\/wp-content\/uploads\/2022\/07\/GdanskHaven.jpg&#8221; title_text=&#8221;GdanskHaven&#8221; _builder_version=&#8221;4.17.4&#8243; _module_preset=&#8221;default&#8221; global_colors_info=&#8221;{}&#8221;][\/et_pb_image][et_pb_text _builder_version=&#8221;4.17.4&#8243; _module_preset=&#8221;default&#8221; global_colors_info=&#8221;{}&#8221;]<\/p>\n<p>Kade aan de rivier de Motlawa, Gdansk<\/p>\n<p>[\/et_pb_text][\/et_pb_column][\/et_pb_row][et_pb_row _builder_version=&#8221;4.17.4&#8243; _module_preset=&#8221;default&#8221; global_colors_info=&#8221;{}&#8221;][et_pb_column type=&#8221;4_4&#8243; _builder_version=&#8221;4.17.4&#8243; _module_preset=&#8221;default&#8221; global_colors_info=&#8221;{}&#8221;][et_pb_text _builder_version=&#8221;4.17.4&#8243; _module_preset=&#8221;default&#8221; custom_margin=&#8221;-26px|||||&#8221; custom_padding=&#8221;13px|||||&#8221; hover_enabled=&#8221;0&#8243; global_colors_info=&#8221;{}&#8221; sticky_enabled=&#8221;0&#8243;]<\/p>\n<h2>New York<\/h2>\n<p>We zijn met het maken van onze audiotours begonnen in New York. De stad is in 1625 gesticht onder de naam Nieuw-Amsterdam en was de hoofdstad van de kolonie Nieuw-Nederland. In de stad New York maakten we vier audiotours die vertellen over het Nederlands verleden en in de staat New York maakten we er nog eens vijf. Alle negen titels beginnen met \u2018How Dutch Is New York?\u2019<\/p>\n<p>[\/et_pb_text][et_pb_text _builder_version=&#8221;4.17.4&#8243; _module_preset=&#8221;default&#8221; custom_margin=&#8221;33px|||||&#8221; global_colors_info=&#8221;{}&#8221;]<\/p>\n<h2>Frankrijk<\/h2>\n<p>In opdracht van de Nederlandse ambassade in Frankrijk maakten we audiotours over Nederlandse kunstschilders die in Parijs hebben gewoond en gewerkt: \u00e9\u00e9n in de wijk Montmartre en \u00e9\u00e9n \u2013 in twee delen \u2013 in de wijk Montparnasse.<\/p>\n<p><em>Audiotours rond Nederlands erfgoed in Polen en andere landen zijn in voorbereiding.<\/em><\/p>\n<p>[\/et_pb_text][\/et_pb_column][\/et_pb_row][et_pb_row column_structure=&#8221;1_4,1_4,1_4,1_4&#8243; _builder_version=&#8221;4.17.4&#8243; _module_preset=&#8221;default&#8221; global_colors_info=&#8221;{}&#8221;][et_pb_column type=&#8221;1_4&#8243; _builder_version=&#8221;4.17.4&#8243; _module_preset=&#8221;default&#8221; global_colors_info=&#8221;{}&#8221;][\/et_pb_column][et_pb_column type=&#8221;1_4&#8243; _builder_version=&#8221;4.17.4&#8243; _module_preset=&#8221;default&#8221; global_colors_info=&#8221;{}&#8221;][et_pb_image src=&#8221;https:\/\/www.staging.mariskahammerstein.nl\/blog\/wp-content\/uploads\/2022\/07\/LOGO-DHTW72.jpg&#8221; title_text=&#8221;Drukwerk&#8221; url=&#8221;https:\/\/www.dutchheritageworldtours.nl&#8221; align_tablet=&#8221;&#8221; align_phone=&#8221;center&#8221; align_last_edited=&#8221;on|desktop&#8221; _builder_version=&#8221;4.17.4&#8243; _module_preset=&#8221;default&#8221; global_colors_info=&#8221;{}&#8221;][\/et_pb_image][\/et_pb_column][et_pb_column type=&#8221;1_4&#8243; _builder_version=&#8221;4.17.4&#8243; _module_preset=&#8221;default&#8221; global_colors_info=&#8221;{}&#8221;][et_pb_image src=&#8221;https:\/\/www.staging.mariskahammerstein.nl\/blog\/wp-content\/uploads\/2022\/07\/izi.TRAVEL-logo.png&#8221; title_text=&#8221;izi.TRAVEL-logo&#8221; url=&#8221;https:\/\/izi.travel\/nl&#8221; url_new_window=&#8221;on&#8221; _builder_version=&#8221;4.17.4&#8243; _module_preset=&#8221;default&#8221; custom_margin=&#8221;85px|||||&#8221; global_colors_info=&#8221;{}&#8221;][\/et_pb_image][\/et_pb_column][et_pb_column type=&#8221;1_4&#8243; _builder_version=&#8221;4.17.4&#8243; _module_preset=&#8221;default&#8221; global_colors_info=&#8221;{}&#8221;][\/et_pb_column][\/et_pb_row][\/et_pb_section]<\/p>\n","protected":false},"excerpt":{"rendered":"<p>AUDIOTOURSMet mijn partner Anco Nanninga heb ik in 2018 Dutch Heritage World Tours opgericht. &nbsp; Het is inmiddels een stichting met deze naam. Met de stichting willen we meer bekendheid geven aan Nederlandse geschiedenis en Nederlands erfgoed. We richten ons vooral op Nederlands erfgoed buiten onze eigen grenzen. Om ervoor te zorgen dat dit erfgoed [&hellip;]<\/p>\n","protected":false},"author":1,"featured_media":0,"parent":0,"menu_order":0,"comment_status":"closed","ping_status":"closed","template":"","meta":{"_et_pb_use_builder":"on","_et_pb_old_content":"","_et_gb_content_width":""},"_links":{"self":[{"href":"https:\/\/www.staging.mariskahammerstein.nl\/blog\/wp-json\/wp\/v2\/pages\/96"}],"collection":[{"href":"https:\/\/www.staging.mariskahammerstein.nl\/blog\/wp-json\/wp\/v2\/pages"}],"about":[{"href":"https:\/\/www.staging.mariskahammerstein.nl\/blog\/wp-json\/wp\/v2\/types\/page"}],"author":[{"embeddable":true,"href":"https:\/\/www.staging.mariskahammerstein.nl\/blog\/wp-json\/wp\/v2\/users\/1"}],"replies":[{"embeddable":true,"href":"https:\/\/www.staging.mariskahammerstein.nl\/blog\/wp-json\/wp\/v2\/comments?post=96"}],"version-history":[{"count":13,"href":"https:\/\/www.staging.mariskahammerstein.nl\/blog\/wp-json\/wp\/v2\/pages\/96\/revisions"}],"predecessor-version":[{"id":263,"href":"https:\/\/www.staging.mariskahammerstein.nl\/blog\/wp-json\/wp\/v2\/pages\/96\/revisions\/263"}],"wp:attachment":[{"href":"https:\/\/www.staging.mariskahammerstein.nl\/blog\/wp-json\/wp\/v2\/media?parent=96"}],"curies":[{"name":"wp","href":"https:\/\/api.w.org\/{rel}","templated":true}]}}